{"id":1079,"date":"2020-03-22T21:56:00","date_gmt":"2020-03-23T00:56:00","guid":{"rendered":"http:\/\/evelinprojetos.com\/site\/?page_id=1079"},"modified":"2020-03-24T09:21:55","modified_gmt":"2020-03-24T12:21:55","slug":"decoracao-de-espacos","status":"publish","type":"page","link":"https:\/\/evelinprojetos.com\/site\/decoracao-de-espacos\/","title":{"rendered":"Decora\u00e7\u00e3o de Espa\u00e7os"},"content":{"rendered":"<h6><\/h6>\n<h6 style=\"text-align: center;\">saiba como vai ficar, antes mesmo de construir, reformar ou decorar!<\/h6>\n<p><strong>Quem deve contratar este servi\u00e7o?<\/strong><br \/>\nA <em>decora\u00e7\u00e3o de espa\u00e7os<\/em> \u00e9 indicada para aqueles clientes que <strong>N\u00c3O<\/strong> v\u00e3o fazer reformas de demoli\u00e7\u00e3o ou amplia\u00e7\u00e3o, isto \u00e9, ser\u00e3o feitas apenas mudan\u00e7as decorativas, como troca de lumin\u00e1rias, pintura de paredes, novo mobili\u00e1rio n\u00e3o planejado,\u00a0 paisagismo, papel de parede e\/ou inclus\u00e3o de novas pe\u00e7as decorativas.<\/p>\n<p><strong>O que eu recebo?<\/strong><br \/>\nVoc\u00ea receber\u00e1 virtualmente\u00a0imagens em 3D em alta resolu\u00e7\u00e3o, como aquelas apresentadas em nosso <a href=\"http:\/\/evelinprojetos.com\/site\/portfolio\/\">portf\u00f3lio<\/a>\u00a0e tamb\u00e9m um arquivo com links para compras de pe\u00e7as decorativas.<\/p>\n<p><strong>Qual a diferen\u00e7a entre &#8220;Decora\u00e7\u00e3o de Espa\u00e7os&#8221; e &#8220;Projeto Completo&#8221;?<br \/>\n<\/strong>No <a href=\"http:\/\/evelinprojetos.com\/site\/projeto-completo-de-interiores\/\">projeto completo<\/a>, al\u00e9m de j\u00e1 entregarmos tudo o que \u00e9 feito em &#8220;decora\u00e7\u00e3o de espa\u00e7os&#8221;, tamb\u00e9m entregamos a voc\u00ea todas as medidas necess\u00e1rias &#8211; como alturas de bancadas e tamanhos de novas paredes -,\u00a0 pagina\u00e7\u00e3o de pisos (caso precise), projeto de mobili\u00e1rio planejado e projeto de ilumina\u00e7\u00e3o.<br \/>\nNesta categoria, al\u00e9m das imagens em 3D, como as presentes em nosso <a href=\"http:\/\/evelinprojetos.com\/site\/portfolio\/\">portf\u00f3lio<\/a>, ser\u00e1 entregue tamb\u00e9m um arquivo separado com todo o detalhamento do seu projeto.<\/p>\n<p><strong>Ainda tem d\u00favidas?<\/strong><br \/>\nMande-nos uma <a href=\"http:\/\/evelinprojetos.com\/site\/contato\/\">mensagem<\/a>, teremos o prazer em respond\u00ea-lo(a)!<\/p>\n<p>&nbsp;<\/p>\n<p style=\"text-align: center;\"><a href=\"http:\/\/evelinprojetos.com\/site\/pedido-de-orcamento\/\"><img loading=\"lazy\" class=\"size-medium wp-image-984 aligncenter\" src=\"http:\/\/evelinprojetos.com\/site\/wp-content\/uploads\/2018\/04\/BOT\u00c3O-300x54.png\" alt=\"\" width=\"300\" height=\"54\" srcset=\"https:\/\/evelinprojetos.com\/site\/wp-content\/uploads\/2018\/04\/BOT\u00c3O-300x54.png 300w, https:\/\/evelinprojetos.com\/site\/wp-content\/uploads\/2018\/04\/BOT\u00c3O.png 324w\" sizes=\"(max-width: 300px) 100vw, 300px\" \/><\/a>sem compromisso!<\/p>\n","protected":false},"excerpt":{"rendered":"<p>saiba como vai ficar, antes mesmo de construir, reformar ou decorar! Quem deve contratar este servi\u00e7o? A decora\u00e7\u00e3o de espa\u00e7os \u00e9 indicada para aqueles clientes que N\u00c3O v\u00e3o fazer reformas de demoli\u00e7\u00e3o ou amplia\u00e7\u00e3o, isto \u00e9, ser\u00e3o feitas apenas mudan\u00e7as decorativas, como troca de lumin\u00e1rias, pintura de paredes, novo mobili\u00e1rio n\u00e3o planejado,\u00a0 paisagismo, papel de &hellip; <a href=\"https:\/\/evelinprojetos.com\/site\/decoracao-de-espacos\/\" class=\"more-link\">Continue lendo <span class=\"screen-reader-text\">Decora\u00e7\u00e3o de Espa\u00e7os<\/span><\/a><\/p>\n","protected":false},"author":1,"featured_media":1185,"parent":0,"menu_order":0,"comment_status":"closed","ping_status":"closed","template":"","meta":{"_exactmetrics_skip_tracking":false,"_exactmetrics_sitenote_active":false,"_exactmetrics_sitenote_note":"","_exactmetrics_sitenote_category":0},"_links":{"self":[{"href":"https:\/\/evelinprojetos.com\/site\/wp-json\/wp\/v2\/pages\/1079"}],"collection":[{"href":"https:\/\/evelinprojetos.com\/site\/wp-json\/wp\/v2\/pages"}],"about":[{"href":"https:\/\/evelinprojetos.com\/site\/wp-json\/wp\/v2\/types\/page"}],"author":[{"embeddable":true,"href":"https:\/\/evelinprojetos.com\/site\/wp-json\/wp\/v2\/users\/1"}],"replies":[{"embeddable":true,"href":"https:\/\/evelinprojetos.com\/site\/wp-json\/wp\/v2\/comments?post=1079"}],"version-history":[{"count":14,"href":"https:\/\/evelinprojetos.com\/site\/wp-json\/wp\/v2\/pages\/1079\/revisions"}],"predecessor-version":[{"id":1083,"href":"https:\/\/evelinprojetos.com\/site\/wp-json\/wp\/v2\/pages\/1079\/revisions\/1083"}],"wp:featuredmedia":[{"embeddable":true,"href":"https:\/\/evelinprojetos.com\/site\/wp-json\/wp\/v2\/media\/1185"}],"wp:attachment":[{"href":"https:\/\/evelinprojetos.com\/site\/wp-json\/wp\/v2\/media?parent=1079"}],"curies":[{"name":"wp","href":"https:\/\/api.w.org\/{rel}","templated":true}]}}