{"id":1094,"date":"2020-03-22T22:16:41","date_gmt":"2020-03-23T01:16:41","guid":{"rendered":"http:\/\/evelinprojetos.com\/site\/?page_id=1094"},"modified":"2020-03-24T09:21:22","modified_gmt":"2020-03-24T12:21:22","slug":"projeto-completo-de-interiores","status":"publish","type":"page","link":"https:\/\/evelinprojetos.com\/site\/projeto-completo-de-interiores\/","title":{"rendered":"Projeto Completo de Interiores"},"content":{"rendered":"<h6><\/h6>\n<h6>saiba como vai ficar, antes mesmo de construir, reformar ou decorar!<\/h6>\n<p><strong>Quem deve contratar este servi\u00e7o?<\/strong><br \/>\nO <em>projeto completo de interiores<\/em> \u00e9 indicado para clientes que:<br \/>\n1. V\u00e3o construir ou fazer reformas que tenham demoli\u00e7\u00e3o ou amplia\u00e7\u00e3o;<br \/>\n2. Querem trocar pisos ou forros;<br \/>\n3. Ou querem um projeto que inclua decora\u00e7\u00e3o e mobili\u00e1rio planejado.<\/p>\n<p><strong>O que eu recebo?<\/strong><br \/>\nVoc\u00ea receber\u00e1 virtualmente\u00a0imagens em 3D em alta resolu\u00e7\u00e3o, como aquelas apresentadas em nosso <a href=\"http:\/\/evelinprojetos.com\/site\/portfolio\/\">portf\u00f3lio<\/a>\u00a0e tamb\u00e9m um arquivo\u00a0separado com todo o detalhamento do seu projeto.<\/p>\n<p><strong>Qual a diferen\u00e7a entre &#8220;Decora\u00e7\u00e3o de Espa\u00e7os&#8221; e &#8220;Projeto Completo&#8221;?<br \/>\n<\/strong>No projeto completo, al\u00e9m de j\u00e1 entregarmos tudo o que \u00e9 feito em <a href=\"http:\/\/evelinprojetos.com\/site\/decoracao-de-espacos\/\">decora\u00e7\u00e3o de espa\u00e7os<\/a>, tamb\u00e9m entregamos a voc\u00ea todas as medidas necess\u00e1rias &#8211; como alturas de bancadas e tamanhos de novas paredes -,\u00a0 pagina\u00e7\u00e3o de pisos (caso precise), <a href=\"http:\/\/evelinprojetos.com\/site\/projetos-de-mobiliario-3d\/\">projeto de mobili\u00e1rio planejado<\/a> e projeto de ilumina\u00e7\u00e3o.<\/p>\n<p><strong>Ainda tem d\u00favidas?<\/strong><br \/>\nMande-nos uma <a href=\"http:\/\/evelinprojetos.com\/site\/contato\/\">mensagem<\/a>, teremos o prazer em respond\u00ea-lo(a)!<\/p>\n<p style=\"text-align: center;\"><a href=\"http:\/\/evelinprojetos.com\/site\/pedido-de-orcamento\/\"><br \/>\n<img loading=\"lazy\" class=\"size-medium wp-image-984 aligncenter\" src=\"http:\/\/evelinprojetos.com\/site\/wp-content\/uploads\/2018\/04\/BOT\u00c3O-300x54.png\" alt=\"\" width=\"300\" height=\"54\" srcset=\"https:\/\/evelinprojetos.com\/site\/wp-content\/uploads\/2018\/04\/BOT\u00c3O-300x54.png 300w, https:\/\/evelinprojetos.com\/site\/wp-content\/uploads\/2018\/04\/BOT\u00c3O.png 324w\" sizes=\"(max-width: 300px) 100vw, 300px\" \/><\/a>sem compromisso!<\/p>\n","protected":false},"excerpt":{"rendered":"<p>saiba como vai ficar, antes mesmo de construir, reformar ou decorar! Quem deve contratar este servi\u00e7o? O projeto completo de interiores \u00e9 indicado para clientes que: 1. V\u00e3o construir ou fazer reformas que tenham demoli\u00e7\u00e3o ou amplia\u00e7\u00e3o; 2. Querem trocar pisos ou forros; 3. Ou querem um projeto que inclua decora\u00e7\u00e3o e mobili\u00e1rio planejado. O &hellip; <a href=\"https:\/\/evelinprojetos.com\/site\/projeto-completo-de-interiores\/\" class=\"more-link\">Continue lendo <span class=\"screen-reader-text\">Projeto Completo de Interiores<\/span><\/a><\/p>\n","protected":false},"author":1,"featured_media":1187,"parent":0,"menu_order":0,"comment_status":"closed","ping_status":"closed","template":"","meta":{"_exactmetrics_skip_tracking":false,"_exactmetrics_sitenote_active":false,"_exactmetrics_sitenote_note":"","_exactmetrics_sitenote_category":0},"_links":{"self":[{"href":"https:\/\/evelinprojetos.com\/site\/wp-json\/wp\/v2\/pages\/1094"}],"collection":[{"href":"https:\/\/evelinprojetos.com\/site\/wp-json\/wp\/v2\/pages"}],"about":[{"href":"https:\/\/evelinprojetos.com\/site\/wp-json\/wp\/v2\/types\/page"}],"author":[{"embeddable":true,"href":"https:\/\/evelinprojetos.com\/site\/wp-json\/wp\/v2\/users\/1"}],"replies":[{"embeddable":true,"href":"https:\/\/evelinprojetos.com\/site\/wp-json\/wp\/v2\/comments?post=1094"}],"version-history":[{"count":5,"href":"https:\/\/evelinprojetos.com\/site\/wp-json\/wp\/v2\/pages\/1094\/revisions"}],"predecessor-version":[{"id":1176,"href":"https:\/\/evelinprojetos.com\/site\/wp-json\/wp\/v2\/pages\/1094\/revisions\/1176"}],"wp:featuredmedia":[{"embeddable":true,"href":"https:\/\/evelinprojetos.com\/site\/wp-json\/wp\/v2\/media\/1187"}],"wp:attachment":[{"href":"https:\/\/evelinprojetos.com\/site\/wp-json\/wp\/v2\/media?parent=1094"}],"curies":[{"name":"wp","href":"https:\/\/api.w.org\/{rel}","templated":true}]}}