{"id":22,"date":"2018-04-18T14:21:06","date_gmt":"2018-04-18T17:21:06","guid":{"rendered":"http:\/\/evelinprojetos.com\/site\/?page_id=22"},"modified":"2020-03-25T18:54:00","modified_gmt":"2020-03-25T21:54:00","slug":"sobre-mim","status":"publish","type":"page","link":"https:\/\/evelinprojetos.com\/site\/sobre-mim\/","title":{"rendered":"Sobre mim"},"content":{"rendered":"<p><strong><img loading=\"lazy\" class=\" wp-image-23 alignleft\" src=\"http:\/\/evelinprojetos.com\/site\/wp-content\/uploads\/2018\/04\/EVELIN-6-300x273.jpg\" alt=\"\" width=\"242\" height=\"220\" srcset=\"https:\/\/evelinprojetos.com\/site\/wp-content\/uploads\/2018\/04\/EVELIN-6-300x273.jpg 300w, https:\/\/evelinprojetos.com\/site\/wp-content\/uploads\/2018\/04\/EVELIN-6-768x700.jpg 768w, https:\/\/evelinprojetos.com\/site\/wp-content\/uploads\/2018\/04\/EVELIN-6-1024x933.jpg 1024w, https:\/\/evelinprojetos.com\/site\/wp-content\/uploads\/2018\/04\/EVELIN-6-417x380.jpg 417w\" sizes=\"(max-width: 242px) 100vw, 242px\" \/>Evelin Costa Gomes<\/strong> \u00e9 graduada em <strong>Engenharia Civil<\/strong> pela Faculdade do Noroeste de Minas (FINOM) e reside em Una\u00ed-MG,\u00a0Brasil. Atua no segmento de projetos arquitet\u00f4nicos, hidrossanit\u00e1rios, el\u00e9tricos, estruturais e projetos 3D para Arquitetura e Design de Interiores em todo o Brasil, oferecendo solu\u00e7\u00f5es para\u00a0projetos de decora\u00e7\u00e3o de ambientes em 3D para casas,\u00a0apartamentos, layout de empresas, hot\u00e9is, escrit\u00f3rios e construtoras.<\/p>\n<p>Sua metodologia de trabalho \u00e9 baseada no planejamento e proje\u00e7\u00e3o de ambientes personalizados, em conson\u00e2ncia com os mais recentes padr\u00f5es de tecnologia e funcionalidade.<\/p>\n<p>A <strong>E-Projetos<\/strong> alia a robusta tecnologia de renderiza\u00e7\u00e3o 3D com a delicadeza e bom gosto, harmonizando espa\u00e7os e conciliando conforto, eleg\u00e2ncia, praticidade e sofistica\u00e7\u00e3o.<\/p>\n<p><strong>&#8220;Antes de se tornar REALIDADE, todo SONHO \u00e9 um projeto&#8221;. <\/strong><\/p>\n<p>Esse \u00e9 o nosso slogan. Pois nossos princ\u00edpios se baseiam na realiza\u00e7\u00e3o de sonhos, e n\u00e3o existe nada bem executado sem um bom projeto que o antecede.<\/p>\n<p>&nbsp;<\/p>\n<hr \/>\n<p><strong>Evelin C. Gomes<\/strong><br \/>\nEngenheira Civil<br \/>\nCREA-MG 225.581 SP<\/p>\n<p>&nbsp;<\/p>\n<p>&nbsp;<\/p>\n","protected":false},"excerpt":{"rendered":"<p>Evelin Costa Gomes \u00e9 graduada em Engenharia Civil pela Faculdade do Noroeste de Minas (FINOM) e reside em Una\u00ed-MG,\u00a0Brasil. Atua no segmento de projetos arquitet\u00f4nicos, hidrossanit\u00e1rios, el\u00e9tricos, estruturais e projetos 3D para Arquitetura e Design de Interiores em todo o Brasil, oferecendo solu\u00e7\u00f5es para\u00a0projetos de decora\u00e7\u00e3o de ambientes em 3D para casas,\u00a0apartamentos, layout de empresas, &hellip; <a href=\"https:\/\/evelinprojetos.com\/site\/sobre-mim\/\" class=\"more-link\">Continue lendo <span class=\"screen-reader-text\">Sobre mim<\/span><\/a><\/p>\n","protected":false},"author":1,"featured_media":0,"parent":0,"menu_order":0,"comment_status":"closed","ping_status":"closed","template":"page-templates\/full-width-page.php","meta":{"_exactmetrics_skip_tracking":false,"_exactmetrics_sitenote_active":false,"_exactmetrics_sitenote_note":"","_exactmetrics_sitenote_category":0},"_links":{"self":[{"href":"https:\/\/evelinprojetos.com\/site\/wp-json\/wp\/v2\/pages\/22"}],"collection":[{"href":"https:\/\/evelinprojetos.com\/site\/wp-json\/wp\/v2\/pages"}],"about":[{"href":"https:\/\/evelinprojetos.com\/site\/wp-json\/wp\/v2\/types\/page"}],"author":[{"embeddable":true,"href":"https:\/\/evelinprojetos.com\/site\/wp-json\/wp\/v2\/users\/1"}],"replies":[{"embeddable":true,"href":"https:\/\/evelinprojetos.com\/site\/wp-json\/wp\/v2\/comments?post=22"}],"version-history":[{"count":4,"href":"https:\/\/evelinprojetos.com\/site\/wp-json\/wp\/v2\/pages\/22\/revisions"}],"predecessor-version":[{"id":1217,"href":"https:\/\/evelinprojetos.com\/site\/wp-json\/wp\/v2\/pages\/22\/revisions\/1217"}],"wp:attachment":[{"href":"https:\/\/evelinprojetos.com\/site\/wp-json\/wp\/v2\/media?parent=22"}],"curies":[{"name":"wp","href":"https:\/\/api.w.org\/{rel}","templated":true}]}}