{"id":307,"date":"2018-04-19T16:43:35","date_gmt":"2018-04-19T19:43:35","guid":{"rendered":"http:\/\/evelinprojetos.com\/site\/?page_id=307"},"modified":"2020-03-23T09:16:17","modified_gmt":"2020-03-23T12:16:17","slug":"servicos","status":"publish","type":"page","link":"https:\/\/evelinprojetos.com\/site\/servicos\/","title":{"rendered":"Servi\u00e7os"},"content":{"rendered":"<hr \/>\n<h4><strong><a href=\"http:\/\/evelinprojetos.com\/site\/designdeinteriores\/\">projetos de design de interiores<\/a><\/strong><\/h4>\n<h4><strong>\u00a0 \u00a0 \u00a0<a href=\"http:\/\/evelinprojetos.com\/site\/decoracao-de-espacos\/\">decora\u00e7\u00e3o de espa\u00e7os<\/a><\/strong><\/h4>\n<h4><strong>\u00a0 \u00a0 \u00a0<a href=\"http:\/\/evelinprojetos.com\/site\/projetos-de-mobiliario-3d\/\">Projeto de mobili\u00e1rio<\/a><\/strong><\/h4>\n<h4><strong>\u00a0 \u00a0 \u00a0<a href=\"http:\/\/evelinprojetos.com\/site\/projeto-completo-de-interiores\/\">PROJETO completo de interiores<\/a><\/strong><\/h4>\n<h4><strong><a href=\"http:\/\/evelinprojetos.com\/site\/projetos-arquitetonicos\/\">PROJETOS ARQUITET\u00d4NICOS<\/a><\/strong><\/h4>\n<h4><strong><a href=\"http:\/\/evelinprojetos.com\/site\/projetos-hidrossanitarios\/\">PROJETOS HIDROSSANIT\u00c1RIOS<\/a><\/strong><\/h4>\n<h4><strong><a href=\"http:\/\/evelinprojetos.com\/site\/projetos-eletricos\/\">PROJETO EL\u00c9TRICOS<\/a><\/strong><\/h4>\n<h4><strong><a href=\"http:\/\/evelinprojetos.com\/site\/projetos-estruturais\/\">PROJETOS ESTRUTURAIS<\/a><\/strong><\/h4>\n<hr \/>\n<p>&nbsp;<\/p>\n","protected":false},"excerpt":{"rendered":"<p>projetos de design de interiores \u00a0 \u00a0 \u00a0decora\u00e7\u00e3o de espa\u00e7os \u00a0 \u00a0 \u00a0Projeto de mobili\u00e1rio \u00a0 \u00a0 \u00a0PROJETO completo de interiores PROJETOS ARQUITET\u00d4NICOS PROJETOS HIDROSSANIT\u00c1RIOS PROJETO EL\u00c9TRICOS PROJETOS ESTRUTURAIS &nbsp;<\/p>\n","protected":false},"author":1,"featured_media":0,"parent":0,"menu_order":0,"comment_status":"closed","ping_status":"closed","template":"page-templates\/full-width-page.php","meta":{"_exactmetrics_skip_tracking":false,"_exactmetrics_sitenote_active":false,"_exactmetrics_sitenote_note":"","_exactmetrics_sitenote_category":0},"_links":{"self":[{"href":"https:\/\/evelinprojetos.com\/site\/wp-json\/wp\/v2\/pages\/307"}],"collection":[{"href":"https:\/\/evelinprojetos.com\/site\/wp-json\/wp\/v2\/pages"}],"about":[{"href":"https:\/\/evelinprojetos.com\/site\/wp-json\/wp\/v2\/types\/page"}],"author":[{"embeddable":true,"href":"https:\/\/evelinprojetos.com\/site\/wp-json\/wp\/v2\/users\/1"}],"replies":[{"embeddable":true,"href":"https:\/\/evelinprojetos.com\/site\/wp-json\/wp\/v2\/comments?post=307"}],"version-history":[{"count":5,"href":"https:\/\/evelinprojetos.com\/site\/wp-json\/wp\/v2\/pages\/307\/revisions"}],"predecessor-version":[{"id":1121,"href":"https:\/\/evelinprojetos.com\/site\/wp-json\/wp\/v2\/pages\/307\/revisions\/1121"}],"wp:attachment":[{"href":"https:\/\/evelinprojetos.com\/site\/wp-json\/wp\/v2\/media?parent=307"}],"curies":[{"name":"wp","href":"https:\/\/api.w.org\/{rel}","templated":true}]}}