{"id":31,"date":"2018-04-18T14:44:55","date_gmt":"2018-04-18T17:44:55","guid":{"rendered":"http:\/\/evelinprojetos.com\/site\/?page_id=31"},"modified":"2018-04-18T16:48:00","modified_gmt":"2018-04-18T19:48:00","slug":"plantas-humanizadas","status":"publish","type":"page","link":"https:\/\/evelinprojetos.com\/site\/plantas-humanizadas\/","title":{"rendered":"Plantas Humanizadas"},"content":{"rendered":"<p>Plantas Humanizadas s\u00e3o feitas para divulga\u00e7\u00e3o e venda de empreendimentos imobili\u00e1rios de incorporadoras e empresas de constru\u00e7\u00e3o civil, sendo exibidas atrav\u00e9s de folders e coloca\u00e7\u00e3o em quadros, em grande formato em estandes de vendas.<\/p>\n<p>Diferente das plantas t\u00e9cnicas usadas nos documentos de projeto para constru\u00e7\u00e3o, a\u00a0<strong>Planta Humanizada<\/strong> \u00e9 did\u00e1tica e agrad\u00e1vel aos olhos, permitindo que as pessoas compreendam o projeto e tenham uma no\u00e7\u00e3o real de como podem organizar o espa\u00e7o.<\/p>\n<p>&nbsp;<\/p>\n<p><strong>Considera\u00e7\u00f5es<\/strong><\/p>\n<ul>\n<li>Para a efetiva\u00e7\u00e3o deste projeto, precisamos das dimens\u00f5es exatas do local.<\/li>\n<li>Ap\u00f3s o t\u00e9rmino do projeto, voc\u00ea ter\u00e1 at\u00e9 03 altera\u00e7\u00f5es gr\u00e1tis. Ultrapassando o limite de altera\u00e7\u00f5es, ser\u00e1 cobrado um custo de R$50,00 por altera\u00e7\u00e3o.<\/li>\n<li>O\u00a0projeto final ser\u00e1 entregue por e-mail\u00a0em formato de imagem (.png).<\/li>\n<\/ul>\n<p>&nbsp;<\/p>\n<p><a href=\"http:\/\/evelinprojetos.com\/site\/pedido-de-orcamento\/\"><img loading=\"lazy\" class=\"aligncenter wp-image-111 size-full\" src=\"https:\/\/evelinprojetos.files.wordpress.com\/2016\/05\/flood-png.png\" alt=\"FLOOD PNG\" width=\"324\" height=\"58\" \/><\/a><\/p>\n<p style=\"text-align: center;\">Sem compromisso!<\/p>\n","protected":false},"excerpt":{"rendered":"<p>Plantas Humanizadas s\u00e3o feitas para divulga\u00e7\u00e3o e venda de empreendimentos imobili\u00e1rios de incorporadoras e empresas de constru\u00e7\u00e3o civil, sendo exibidas atrav\u00e9s de folders e coloca\u00e7\u00e3o em quadros, em grande formato em estandes de vendas. Diferente das plantas t\u00e9cnicas usadas nos documentos de projeto para constru\u00e7\u00e3o, a\u00a0Planta Humanizada \u00e9 did\u00e1tica e agrad\u00e1vel aos olhos, permitindo que &hellip; <a href=\"https:\/\/evelinprojetos.com\/site\/plantas-humanizadas\/\" class=\"more-link\">Continue lendo <span class=\"screen-reader-text\">Plantas Humanizadas<\/span><\/a><\/p>\n","protected":false},"author":1,"featured_media":0,"parent":0,"menu_order":0,"comment_status":"closed","ping_status":"closed","template":"","meta":{"_exactmetrics_skip_tracking":false,"_exactmetrics_sitenote_active":false,"_exactmetrics_sitenote_note":"","_exactmetrics_sitenote_category":0},"_links":{"self":[{"href":"https:\/\/evelinprojetos.com\/site\/wp-json\/wp\/v2\/pages\/31"}],"collection":[{"href":"https:\/\/evelinprojetos.com\/site\/wp-json\/wp\/v2\/pages"}],"about":[{"href":"https:\/\/evelinprojetos.com\/site\/wp-json\/wp\/v2\/types\/page"}],"author":[{"embeddable":true,"href":"https:\/\/evelinprojetos.com\/site\/wp-json\/wp\/v2\/users\/1"}],"replies":[{"embeddable":true,"href":"https:\/\/evelinprojetos.com\/site\/wp-json\/wp\/v2\/comments?post=31"}],"version-history":[{"count":2,"href":"https:\/\/evelinprojetos.com\/site\/wp-json\/wp\/v2\/pages\/31\/revisions"}],"predecessor-version":[{"id":100,"href":"https:\/\/evelinprojetos.com\/site\/wp-json\/wp\/v2\/pages\/31\/revisions\/100"}],"wp:attachment":[{"href":"https:\/\/evelinprojetos.com\/site\/wp-json\/wp\/v2\/media?parent=31"}],"curies":[{"name":"wp","href":"https:\/\/api.w.org\/{rel}","templated":true}]}}