{"id":35,"date":"2018-04-18T14:46:52","date_gmt":"2018-04-18T17:46:52","guid":{"rendered":"http:\/\/evelinprojetos.com\/site\/?page_id=35"},"modified":"2020-03-24T09:22:41","modified_gmt":"2020-03-24T12:22:41","slug":"projetos-de-mobiliario-3d","status":"publish","type":"page","link":"https:\/\/evelinprojetos.com\/site\/projetos-de-mobiliario-3d\/","title":{"rendered":"Projetos de Mobili\u00e1rio 3D"},"content":{"rendered":"<p>Atrav\u00e9s deste servi\u00e7o, voc\u00ea ter\u00e1 uma no\u00e7\u00e3o exata de como ficar\u00e1 o seu m\u00f3vel planejado. Utilizamos a tecnologia de renderiza\u00e7\u00e3o 3D para dar vida ao seu projeto.<\/p>\n<p>&nbsp;<\/p>\n<p style=\"text-align: center;\"><a href=\"http:\/\/evelinprojetos.com\/site\/pedido-de-orcamento\/\"><img loading=\"lazy\" class=\"wp-image-984 size-medium aligncenter\" src=\"http:\/\/evelinprojetos.com\/site\/wp-content\/uploads\/2018\/04\/BOT\u00c3O-300x54.png\" alt=\"\" width=\"300\" height=\"54\" srcset=\"https:\/\/evelinprojetos.com\/site\/wp-content\/uploads\/2018\/04\/BOT\u00c3O-300x54.png 300w, https:\/\/evelinprojetos.com\/site\/wp-content\/uploads\/2018\/04\/BOT\u00c3O.png 324w\" sizes=\"(max-width: 300px) 100vw, 300px\" \/><\/a>Sem compromisso!<\/p>\n","protected":false},"excerpt":{"rendered":"<p>Atrav\u00e9s deste servi\u00e7o, voc\u00ea ter\u00e1 uma no\u00e7\u00e3o exata de como ficar\u00e1 o seu m\u00f3vel planejado. Utilizamos a tecnologia de renderiza\u00e7\u00e3o 3D para dar vida ao seu projeto. &nbsp; Sem compromisso!<\/p>\n","protected":false},"author":1,"featured_media":1186,"parent":0,"menu_order":0,"comment_status":"closed","ping_status":"closed","template":"","meta":{"_exactmetrics_skip_tracking":false,"_exactmetrics_sitenote_active":false,"_exactmetrics_sitenote_note":"","_exactmetrics_sitenote_category":0},"_links":{"self":[{"href":"https:\/\/evelinprojetos.com\/site\/wp-json\/wp\/v2\/pages\/35"}],"collection":[{"href":"https:\/\/evelinprojetos.com\/site\/wp-json\/wp\/v2\/pages"}],"about":[{"href":"https:\/\/evelinprojetos.com\/site\/wp-json\/wp\/v2\/types\/page"}],"author":[{"embeddable":true,"href":"https:\/\/evelinprojetos.com\/site\/wp-json\/wp\/v2\/users\/1"}],"replies":[{"embeddable":true,"href":"https:\/\/evelinprojetos.com\/site\/wp-json\/wp\/v2\/comments?post=35"}],"version-history":[{"count":4,"href":"https:\/\/evelinprojetos.com\/site\/wp-json\/wp\/v2\/pages\/35\/revisions"}],"predecessor-version":[{"id":1172,"href":"https:\/\/evelinprojetos.com\/site\/wp-json\/wp\/v2\/pages\/35\/revisions\/1172"}],"wp:featuredmedia":[{"embeddable":true,"href":"https:\/\/evelinprojetos.com\/site\/wp-json\/wp\/v2\/media\/1186"}],"wp:attachment":[{"href":"https:\/\/evelinprojetos.com\/site\/wp-json\/wp\/v2\/media?parent=35"}],"curies":[{"name":"wp","href":"https:\/\/api.w.org\/{rel}","templated":true}]}}