{"id":37,"date":"2018-04-18T14:48:05","date_gmt":"2018-04-18T17:48:05","guid":{"rendered":"http:\/\/evelinprojetos.com\/site\/?page_id=37"},"modified":"2020-03-23T09:22:24","modified_gmt":"2020-03-23T12:22:24","slug":"projetos-arquitetonicos","status":"publish","type":"page","link":"https:\/\/evelinprojetos.com\/site\/projetos-arquitetonicos\/","title":{"rendered":"Projetos Arquitet\u00f4nicos"},"content":{"rendered":"<p class=\"title-prod-included\"><strong>Projeto Arquitet\u00f4nico para Aprova\u00e7\u00e3o em Prefeitura ou Vigil\u00e2ncia Sanit\u00e1ria ou Regulariza\u00e7\u00e3o de Im\u00f3vel<\/strong><\/p>\n<p>\u00c9 a planta pronta para construir, reformar ou ampliar. Nela est\u00e3o definidas todas as dimens\u00f5es, especifica\u00e7\u00f5es de acabamento de piso, parede e forro, n\u00edveis horizontais, v\u00e3os de portas e janelas, loca\u00e7\u00e3o e proje\u00e7\u00f5es de telhado. inclu\u00edmos quadros de \u00e1rea, de acabamento e de esquadria.<br \/>\nA planta executiva inclui\u00a0todos os aspectos para aprova\u00e7\u00e3o, como:<\/p>\n<ul>\n<li>Planta Baixa<\/li>\n<li>Cortes (geralmente 02 cortes)<\/li>\n<li>Vista Frontal<\/li>\n<li>Situa\u00e7\u00e3o<\/li>\n<li>Implanta\u00e7\u00e3o<\/li>\n<li>Detalhes de Escadas e\/ou Rampas<\/li>\n<\/ul>\n<p>&nbsp;<\/p>\n<p><strong>Considera\u00e7\u00f5es<\/strong><\/p>\n<ul>\n<li>Cada Prefeitura conta com um <strong>C\u00f3digo de Obras<\/strong> espec\u00edfico. Caso haja necessidade, acrescentaremos\u00a0itens <strong>sem<\/strong> valores adicionais.<\/li>\n<li>Entre em contato com a Prefeitura e informe-se sobre quais projetos voc\u00ea vai precisar\u00a0antes de\u00a0nos pedir o or\u00e7amento.<\/li>\n<li>Ap\u00f3s o t\u00e9rmino do projeto, voc\u00ea ter\u00e1 at\u00e9 03 altera\u00e7\u00f5es gr\u00e1tis. Ultrapassando o limite de altera\u00e7\u00f5es, ser\u00e1 cobrado um custo de R$50,00 por altera\u00e7\u00e3o.<\/li>\n<li>O\u00a0projeto arquitet\u00f4nico para aprova\u00e7\u00e3o ser\u00e1 entregue por e-mail\u00a0em formato .pdf, em devida escala e pronto para ser impresso em Papel tamanho A0 ou A1.<\/li>\n<\/ul>\n<p>&nbsp;<\/p>\n<p style=\"text-align: center;\"><a href=\"http:\/\/evelinprojetos.com\/site\/pedido-de-orcamento\/\"><img loading=\"lazy\" class=\"size-medium wp-image-984 aligncenter\" src=\"http:\/\/evelinprojetos.com\/site\/wp-content\/uploads\/2018\/04\/BOT\u00c3O-300x54.png\" alt=\"\" width=\"300\" height=\"54\" srcset=\"https:\/\/evelinprojetos.com\/site\/wp-content\/uploads\/2018\/04\/BOT\u00c3O-300x54.png 300w, https:\/\/evelinprojetos.com\/site\/wp-content\/uploads\/2018\/04\/BOT\u00c3O.png 324w\" sizes=\"(max-width: 300px) 100vw, 300px\" \/><\/a>Sem compromisso!<\/p>\n","protected":false},"excerpt":{"rendered":"<p>Projeto Arquitet\u00f4nico para Aprova\u00e7\u00e3o em Prefeitura ou Vigil\u00e2ncia Sanit\u00e1ria ou Regulariza\u00e7\u00e3o de Im\u00f3vel \u00c9 a planta pronta para construir, reformar ou ampliar. Nela est\u00e3o definidas todas as dimens\u00f5es, especifica\u00e7\u00f5es de acabamento de piso, parede e forro, n\u00edveis horizontais, v\u00e3os de portas e janelas, loca\u00e7\u00e3o e proje\u00e7\u00f5es de telhado. inclu\u00edmos quadros de \u00e1rea, de acabamento e &hellip; <a href=\"https:\/\/evelinprojetos.com\/site\/projetos-arquitetonicos\/\" class=\"more-link\">Continue lendo <span class=\"screen-reader-text\">Projetos Arquitet\u00f4nicos<\/span><\/a><\/p>\n","protected":false},"author":1,"featured_media":1127,"parent":0,"menu_order":0,"comment_status":"closed","ping_status":"closed","template":"","meta":{"_exactmetrics_skip_tracking":false,"_exactmetrics_sitenote_active":false,"_exactmetrics_sitenote_note":"","_exactmetrics_sitenote_category":0},"_links":{"self":[{"href":"https:\/\/evelinprojetos.com\/site\/wp-json\/wp\/v2\/pages\/37"}],"collection":[{"href":"https:\/\/evelinprojetos.com\/site\/wp-json\/wp\/v2\/pages"}],"about":[{"href":"https:\/\/evelinprojetos.com\/site\/wp-json\/wp\/v2\/types\/page"}],"author":[{"embeddable":true,"href":"https:\/\/evelinprojetos.com\/site\/wp-json\/wp\/v2\/users\/1"}],"replies":[{"embeddable":true,"href":"https:\/\/evelinprojetos.com\/site\/wp-json\/wp\/v2\/comments?post=37"}],"version-history":[{"count":8,"href":"https:\/\/evelinprojetos.com\/site\/wp-json\/wp\/v2\/pages\/37\/revisions"}],"predecessor-version":[{"id":1130,"href":"https:\/\/evelinprojetos.com\/site\/wp-json\/wp\/v2\/pages\/37\/revisions\/1130"}],"wp:featuredmedia":[{"embeddable":true,"href":"https:\/\/evelinprojetos.com\/site\/wp-json\/wp\/v2\/media\/1127"}],"wp:attachment":[{"href":"https:\/\/evelinprojetos.com\/site\/wp-json\/wp\/v2\/media?parent=37"}],"curies":[{"name":"wp","href":"https:\/\/api.w.org\/{rel}","templated":true}]}}