{"id":45,"date":"2018-04-18T14:52:11","date_gmt":"2018-04-18T17:52:11","guid":{"rendered":"http:\/\/evelinprojetos.com\/site\/?page_id=45"},"modified":"2020-03-24T10:17:42","modified_gmt":"2020-03-24T13:17:42","slug":"projetos-hidrossanitarios","status":"publish","type":"page","link":"https:\/\/evelinprojetos.com\/site\/projetos-hidrossanitarios\/","title":{"rendered":"Projetos Hidrossanit\u00e1rios"},"content":{"rendered":"<p>Os projetos hidrossanit\u00e1rios englobam os projetos de <strong>\u00e1gua fria<\/strong>, <strong>\u00e1gua quente<\/strong>, <strong>esgoto sanit\u00e1rio<\/strong> e <strong>drenagem pluvial<\/strong>.<\/p>\n<p>O projeto de <strong>\u00e1gua fria<\/strong>\u00a0inclui:<br \/>\n&#8211; Loca\u00e7\u00e3o da tomada de \u00e1gua na rede p\u00fablica<br \/>\n&#8211; Loca\u00e7\u00e3o do hidr\u00f4metro e registro<br \/>\n&#8211; Loca\u00e7\u00e3o do reservat\u00f3rio<br \/>\n&#8211; Prumadas de distribui\u00e7\u00e3o da \u00e1gua<br \/>\n&#8211; Posi\u00e7\u00e3o das canaliza\u00e7\u00f5es (redes)<br \/>\n&#8211; Pontos de aparelhos hidr\u00e1ulicos e registros<\/p>\n<p>O projeto de <strong>\u00e1gua quente<\/strong>\u00a0inclui:<br \/>\n&#8211; Prumadas de entrada e sa\u00edda de \u00e1gua<br \/>\n&#8211; Posi\u00e7\u00e3o das canaliza\u00e7\u00f5es (redes)<br \/>\n&#8211; Pontos de aparelhos hidr\u00e1ulicos alimentados por \u00e1gua quente e registros<\/p>\n<p>O projeto de <strong>esgoto sanit\u00e1rio<\/strong>\u00a0inclui:<br \/>\n&#8211; Loca\u00e7\u00e3o das caixas de esgoto<br \/>\n&#8211; Loca\u00e7\u00e3o dos ralos<br \/>\n&#8211; Prumadas<br \/>\n&#8211; Posi\u00e7\u00e3o das canaliza\u00e7\u00f5es (redes)<br \/>\n&#8211; Pontos de aparelhos sanit\u00e1rios<br \/>\n&#8211; Loca\u00e7\u00e3o da coleta do esgoto na rede p\u00fablica<\/p>\n<p>O projeto de <strong>drenagem pluvial<\/strong>\u00a0inclui:<br \/>\n&#8211; Loca\u00e7\u00e3o das calhas<br \/>\n&#8211; Loca\u00e7\u00e3o dos tubos de queda<br \/>\n&#8211; Loca\u00e7\u00e3o das caixas de areia<br \/>\n&#8211; Posi\u00e7\u00e3o das canaliza\u00e7\u00f5es (redes)<br \/>\n&#8211; Loca\u00e7\u00e3o do despejo de \u00e1gua nas sarjetas<\/p>\n<p>Al\u00e9m de tudo isso, tais projetos contribuem para<\/p>\n<ul>\n<li><strong>o bom planejamento de sua obra<\/strong>, pois contam com a lista de materiais que voc\u00ea precisar\u00e1 comprar para sua constru\u00e7\u00e3o.<\/li>\n<li><strong>desvio de problemas futuros<\/strong>, afinal, na realiza\u00e7\u00e3o de um projeto hidrossanit\u00e1rio, s\u00e3o feitos c\u00e1lculos do\u00a0volume de reservat\u00f3rios; do di\u00e2metro das tubula\u00e7\u00f5es; do volume de caixas de inspe\u00e7\u00e3o, fossa s\u00e9ptica e filtros, e\u00a0da \u00e1rea de capta\u00e7\u00e3o das \u00e1guas pluviais, suas calhas e prumadas de distribui\u00e7\u00e3o.<\/li>\n<\/ul>\n<p>&nbsp;<\/p>\n<p><strong>Considera\u00e7\u00f5es<\/strong><\/p>\n<ul>\n<li>Para a efetiva\u00e7\u00e3o deste projeto, precisamos do projeto arquitet\u00f4nico completo.<\/li>\n<li>Ap\u00f3s o t\u00e9rmino do projeto, voc\u00ea ter\u00e1 at\u00e9 03 altera\u00e7\u00f5es gr\u00e1tis. Ultrapassando o limite de altera\u00e7\u00f5es, ser\u00e1 cobrado um custo de R$50,00 por altera\u00e7\u00e3o.<\/li>\n<li>O\u00a0projeto final ser\u00e1 entregue por e-mail\u00a0em formato port\u00e1til de documento (.pdf).<\/li>\n<\/ul>\n<p>&nbsp;<\/p>\n<p style=\"text-align: center;\"><a href=\"http:\/\/evelinprojetos.com\/site\/pedido-de-orcamento\/\"><img loading=\"lazy\" class=\"wp-image-984 size-medium aligncenter\" src=\"http:\/\/evelinprojetos.com\/site\/wp-content\/uploads\/2018\/04\/BOT\u00c3O-300x54.png\" alt=\"\" width=\"300\" height=\"54\" srcset=\"https:\/\/evelinprojetos.com\/site\/wp-content\/uploads\/2018\/04\/BOT\u00c3O-300x54.png 300w, https:\/\/evelinprojetos.com\/site\/wp-content\/uploads\/2018\/04\/BOT\u00c3O.png 324w\" sizes=\"(max-width: 300px) 100vw, 300px\" \/><\/a>Sem compromisso!<\/p>\n","protected":false},"excerpt":{"rendered":"<p>Os projetos hidrossanit\u00e1rios englobam os projetos de \u00e1gua fria, \u00e1gua quente, esgoto sanit\u00e1rio e drenagem pluvial. O projeto de \u00e1gua fria\u00a0inclui: &#8211; Loca\u00e7\u00e3o da tomada de \u00e1gua na rede p\u00fablica &#8211; Loca\u00e7\u00e3o do hidr\u00f4metro e registro &#8211; Loca\u00e7\u00e3o do reservat\u00f3rio &#8211; Prumadas de distribui\u00e7\u00e3o da \u00e1gua &#8211; Posi\u00e7\u00e3o das canaliza\u00e7\u00f5es (redes) &#8211; Pontos de aparelhos &hellip; <a href=\"https:\/\/evelinprojetos.com\/site\/projetos-hidrossanitarios\/\" class=\"more-link\">Continue lendo <span class=\"screen-reader-text\">Projetos Hidrossanit\u00e1rios<\/span><\/a><\/p>\n","protected":false},"author":1,"featured_media":1205,"parent":0,"menu_order":0,"comment_status":"closed","ping_status":"closed","template":"","meta":{"_exactmetrics_skip_tracking":false,"_exactmetrics_sitenote_active":false,"_exactmetrics_sitenote_note":"","_exactmetrics_sitenote_category":0},"_links":{"self":[{"href":"https:\/\/evelinprojetos.com\/site\/wp-json\/wp\/v2\/pages\/45"}],"collection":[{"href":"https:\/\/evelinprojetos.com\/site\/wp-json\/wp\/v2\/pages"}],"about":[{"href":"https:\/\/evelinprojetos.com\/site\/wp-json\/wp\/v2\/types\/page"}],"author":[{"embeddable":true,"href":"https:\/\/evelinprojetos.com\/site\/wp-json\/wp\/v2\/users\/1"}],"replies":[{"embeddable":true,"href":"https:\/\/evelinprojetos.com\/site\/wp-json\/wp\/v2\/comments?post=45"}],"version-history":[{"count":4,"href":"https:\/\/evelinprojetos.com\/site\/wp-json\/wp\/v2\/pages\/45\/revisions"}],"predecessor-version":[{"id":1182,"href":"https:\/\/evelinprojetos.com\/site\/wp-json\/wp\/v2\/pages\/45\/revisions\/1182"}],"wp:featuredmedia":[{"embeddable":true,"href":"https:\/\/evelinprojetos.com\/site\/wp-json\/wp\/v2\/media\/1205"}],"wp:attachment":[{"href":"https:\/\/evelinprojetos.com\/site\/wp-json\/wp\/v2\/media?parent=45"}],"curies":[{"name":"wp","href":"https:\/\/api.w.org\/{rel}","templated":true}]}}