{"id":47,"date":"2018-04-18T14:52:39","date_gmt":"2018-04-18T17:52:39","guid":{"rendered":"http:\/\/evelinprojetos.com\/site\/?page_id=47"},"modified":"2020-03-24T10:06:16","modified_gmt":"2020-03-24T13:06:16","slug":"projetos-eletricos","status":"publish","type":"page","link":"https:\/\/evelinprojetos.com\/site\/projetos-eletricos\/","title":{"rendered":"Projetos El\u00e9tricos"},"content":{"rendered":"<p>Os projetos el\u00e9tricos baseiam-se na\u00a0previs\u00e3o escrita da instala\u00e7\u00e3o, com a loca\u00e7\u00e3o de tomadas, l\u00e2mpadas, interruptores e quadros de distribui\u00e7\u00e3o.<\/p>\n<p>&nbsp;<\/p>\n<p>Al\u00e9m disso, tal projeto contribui para<\/p>\n<ul>\n<li><strong>o bom planejamento de sua obra<\/strong>, pois conta com a lista de materiais que voc\u00ea precisar\u00e1 comprar para sua constru\u00e7\u00e3o.<\/li>\n<li><strong>desvio de problemas futuros<\/strong>, afinal, na realiza\u00e7\u00e3o de um projeto el\u00e9trico, s\u00e3o feitos c\u00e1lculos para dimensionamento de condutores, disjuntores e eletrodutos, divis\u00e3o de circuitos, determina\u00e7\u00e3o da quantidade necess\u00e1ria de l\u00e2mpadas e tomadas de uso geral e de uso espec\u00edfico, entre outros.<\/li>\n<\/ul>\n<p>&nbsp;<\/p>\n<p><strong>Considera\u00e7\u00f5es<\/strong><\/p>\n<ul>\n<li>Para a efetiva\u00e7\u00e3o deste projeto, precisamos do projeto arquitet\u00f4nico completo.<\/li>\n<li>Ap\u00f3s o t\u00e9rmino do projeto, voc\u00ea ter\u00e1 at\u00e9 03 altera\u00e7\u00f5es gr\u00e1tis. Ultrapassando o limite de altera\u00e7\u00f5es, ser\u00e1 cobrado um custo de R$50,00 por altera\u00e7\u00e3o.<\/li>\n<li>O\u00a0projeto final ser\u00e1 entregue por e-mail\u00a0em formato port\u00e1til de documento (.pdf).<\/li>\n<\/ul>\n<p>&nbsp;<\/p>\n<p style=\"text-align: center;\"><a href=\"http:\/\/evelinprojetos.com\/site\/pedido-de-orcamento\/\"><img loading=\"lazy\" class=\"wp-image-984 size-medium aligncenter\" src=\"http:\/\/evelinprojetos.com\/site\/wp-content\/uploads\/2018\/04\/BOT\u00c3O-300x54.png\" alt=\"\" width=\"300\" height=\"54\" srcset=\"https:\/\/evelinprojetos.com\/site\/wp-content\/uploads\/2018\/04\/BOT\u00c3O-300x54.png 300w, https:\/\/evelinprojetos.com\/site\/wp-content\/uploads\/2018\/04\/BOT\u00c3O.png 324w\" sizes=\"(max-width: 300px) 100vw, 300px\" \/><\/a>Sem compromisso!<\/p>\n","protected":false},"excerpt":{"rendered":"<p>Os projetos el\u00e9tricos baseiam-se na\u00a0previs\u00e3o escrita da instala\u00e7\u00e3o, com a loca\u00e7\u00e3o de tomadas, l\u00e2mpadas, interruptores e quadros de distribui\u00e7\u00e3o. &nbsp; Al\u00e9m disso, tal projeto contribui para o bom planejamento de sua obra, pois conta com a lista de materiais que voc\u00ea precisar\u00e1 comprar para sua constru\u00e7\u00e3o. desvio de problemas futuros, afinal, na realiza\u00e7\u00e3o de um &hellip; <a href=\"https:\/\/evelinprojetos.com\/site\/projetos-eletricos\/\" class=\"more-link\">Continue lendo <span class=\"screen-reader-text\">Projetos El\u00e9tricos<\/span><\/a><\/p>\n","protected":false},"author":1,"featured_media":1200,"parent":0,"menu_order":0,"comment_status":"closed","ping_status":"closed","template":"","meta":{"_exactmetrics_skip_tracking":false,"_exactmetrics_sitenote_active":false,"_exactmetrics_sitenote_note":"","_exactmetrics_sitenote_category":0},"_links":{"self":[{"href":"https:\/\/evelinprojetos.com\/site\/wp-json\/wp\/v2\/pages\/47"}],"collection":[{"href":"https:\/\/evelinprojetos.com\/site\/wp-json\/wp\/v2\/pages"}],"about":[{"href":"https:\/\/evelinprojetos.com\/site\/wp-json\/wp\/v2\/types\/page"}],"author":[{"embeddable":true,"href":"https:\/\/evelinprojetos.com\/site\/wp-json\/wp\/v2\/users\/1"}],"replies":[{"embeddable":true,"href":"https:\/\/evelinprojetos.com\/site\/wp-json\/wp\/v2\/comments?post=47"}],"version-history":[{"count":4,"href":"https:\/\/evelinprojetos.com\/site\/wp-json\/wp\/v2\/pages\/47\/revisions"}],"predecessor-version":[{"id":1198,"href":"https:\/\/evelinprojetos.com\/site\/wp-json\/wp\/v2\/pages\/47\/revisions\/1198"}],"wp:featuredmedia":[{"embeddable":true,"href":"https:\/\/evelinprojetos.com\/site\/wp-json\/wp\/v2\/media\/1200"}],"wp:attachment":[{"href":"https:\/\/evelinprojetos.com\/site\/wp-json\/wp\/v2\/media?parent=47"}],"curies":[{"name":"wp","href":"https:\/\/api.w.org\/{rel}","templated":true}]}}